{"id":124,"date":"2024-11-21T16:38:26","date_gmt":"2024-11-21T16:38:26","guid":{"rendered":"https:\/\/clairesarrasin.com\/?page_id=124"},"modified":"2025-06-30T12:35:55","modified_gmt":"2025-06-30T12:35:55","slug":"politique-de-confidentialite","status":"publish","type":"page","link":"https:\/\/clairesarrasin.com\/index.php\/politique-de-confidentialite\/","title":{"rendered":"Politique de confidentialit\u00e9"},"content":{"rendered":"<p>[et_pb_section fb_built=\u00a0\u00bb1&Prime; admin_label=\u00a0\u00bbHeader\u00a0\u00bb _builder_version=\u00a0\u00bb4.27.3&Prime; background_enable_image=\u00a0\u00bboff\u00a0\u00bb custom_padding=\u00a0\u00bb||28px||false|false\u00a0\u00bb da_disable_devices=\u00a0\u00bboff|off|off\u00a0\u00bb locked=\u00a0\u00bboff\u00a0\u00bb global_colors_info=\u00a0\u00bb{}\u00a0\u00bb da_is_popup=\u00a0\u00bboff\u00a0\u00bb da_exit_intent=\u00a0\u00bboff\u00a0\u00bb da_has_close=\u00a0\u00bbon\u00a0\u00bb da_alt_close=\u00a0\u00bboff\u00a0\u00bb da_dark_close=\u00a0\u00bboff\u00a0\u00bb da_not_modal=\u00a0\u00bbon\u00a0\u00bb da_is_singular=\u00a0\u00bboff\u00a0\u00bb da_with_loader=\u00a0\u00bboff\u00a0\u00bb da_has_shadow=\u00a0\u00bbon\u00a0\u00bb][et_pb_row _builder_version=\u00a0\u00bb4.27.4&Prime; border_color_all=\u00a0\u00bb#e8655a\u00a0\u00bb border_width_bottom=\u00a0\u00bb2px\u00a0\u00bb border_color_bottom=\u00a0\u00bb#e89683&Prime; global_colors_info=\u00a0\u00bb{}\u00a0\u00bb][et_pb_column type=\u00a0\u00bb4_4&Prime; _builder_version=\u00a0\u00bb4.27.4&Prime; global_colors_info=\u00a0\u00bb{}\u00a0\u00bb][et_pb_text _builder_version=\u00a0\u00bb4.27.4&Prime; header_font=\u00a0\u00bbDarker Grotesque|900|||||||\u00a0\u00bb header_font_size=\u00a0\u00bb100px\u00a0\u00bb background_layout=\u00a0\u00bbdark\u00a0\u00bb custom_margin=\u00a0\u00bb||||false|false\u00a0\u00bb header_font_size_tablet=\u00a0\u00bb70px\u00a0\u00bb header_font_size_phone=\u00a0\u00bb41px\u00a0\u00bb header_font_size_last_edited=\u00a0\u00bbon|phone\u00a0\u00bb global_colors_info=\u00a0\u00bb{}\u00a0\u00bb]<\/p>\n<h1 style=\"text-align: center;\"><strong><span style=\"color: #363a36;\">Politique de confidentialit\u00e9<\/span><\/strong><\/h1>\n<p>[\/et_pb_text][\/et_pb_column][\/et_pb_row][\/et_pb_section][et_pb_section fb_built=\u00a0\u00bb1&Prime; admin_label=\u00a0\u00bbAbout\u00a0\u00bb _builder_version=\u00a0\u00bb4.16&Prime; custom_padding=\u00a0\u00bb14px|||||\u00a0\u00bb da_disable_devices=\u00a0\u00bboff|off|off\u00a0\u00bb global_colors_info=\u00a0\u00bb{}\u00a0\u00bb da_is_popup=\u00a0\u00bboff\u00a0\u00bb da_exit_intent=\u00a0\u00bboff\u00a0\u00bb da_has_close=\u00a0\u00bbon\u00a0\u00bb da_alt_close=\u00a0\u00bboff\u00a0\u00bb da_dark_close=\u00a0\u00bboff\u00a0\u00bb da_not_modal=\u00a0\u00bbon\u00a0\u00bb da_is_singular=\u00a0\u00bboff\u00a0\u00bb da_with_loader=\u00a0\u00bboff\u00a0\u00bb da_has_shadow=\u00a0\u00bbon\u00a0\u00bb][et_pb_row _builder_version=\u00a0\u00bb4.27.3&Prime; custom_padding=\u00a0\u00bb16px|||||\u00a0\u00bb global_colors_info=\u00a0\u00bb{}\u00a0\u00bb][et_pb_column type=\u00a0\u00bb4_4&Prime; _builder_version=\u00a0\u00bb4.16&Prime; global_colors_info=\u00a0\u00bb{}\u00a0\u00bb][et_pb_text _builder_version=\u00a0\u00bb4.27.4&Prime; text_font=\u00a0\u00bbDarker Grotesque|500|||||||\u00a0\u00bb text_font_size=\u00a0\u00bb18px\u00a0\u00bb text_line_height=\u00a0\u00bb1.4em\u00a0\u00bb global_colors_info=\u00a0\u00bb{}\u00a0\u00bb]<strong>Derni\u00e8re mise \u00e0 jour : le 19 janvier 2025<\/strong><\/p>\n<p style=\"text-align: justify;\">Claire Sarrasin (\u00ab nous \u00bb, \u00ab notre \u00bb, \u00ab nos \u00bb) s\u2019engage \u00e0 prot\u00e9ger votre vie priv\u00e9e et \u00e0 traiter vos informations personnelles de fa\u00e7on transparente et responsable. La pr\u00e9sente Politique de confidentialit\u00e9 (la \u00ab Politique \u00bb) d\u00e9crit les types d\u2019informations que nous recueillons, les raisons pour lesquelles nous les recueillons, avec qui nous les partageons, comment vous pouvez y acc\u00e9der et comment les corriger, au besoin.<\/p>\n<p style=\"text-align: justify;\">Nous reconnaissons notre obligation de g\u00e9rer vos donn\u00e9es de mani\u00e8re responsable. Nous ne vendons pas et ne vendrons pas vos donn\u00e9es \u00e0 des tiers.<\/p>\n<p style=\"text-align: justify;\">Cette politique s\u2019applique \u00e0 l\u2019utilisation du site web <a href=\"http:\/\/www.clairesarrasin.com\">www.clairesarrasin.com<\/a>. Veuillez lire la Politique attentivement afin de comprendre \u00e0 quel moment vous nous fournissez vos donn\u00e9es et comment nous les utilisons. <b>En utilisant notre site Web, vous acceptez l\u2019utilisation de vos informations personnelles telle que d\u00e9crite dans cette Politique. <\/b><br \/>\nEn tant qu\u2019utilisateur de notre Site, vous vous engagez \u00e9galement \u00e0 respecter et prot\u00e9ger les renseignements personnels de tierces parties.<\/p>\n<p>&nbsp;<\/p>\n<h3><strong><span>LES INFORMATIONS QUE NOUS RECUEILLONS<\/span><\/strong><\/h3>\n<p>Nous recueillons diff\u00e9rentes cat\u00e9gories d\u2019informations lorsque vous interagissez avec nous, notamment lorsque vous : <strong><br \/>\nA) Visitez notre site web<br \/>\nB) Vous vous abonnez \u00e0 notre infolettre;<br \/>\nC) Vous demandez une soumission ;<br \/>\nD) Vous achetez nos services ou produits ;<br \/>\nE) Vous contactez notre service \u00e0 la client\u00e8le.<\/strong><\/p>\n<h4><strong><span>A) Lorsque vous visitez notre site web<\/span><\/strong><\/h4>\n<p style=\"text-align: justify;\">Lorsque vous visitez notre site web, nous recueillons l\u2019adresse IP, des informations fournies par des t\u00e9moins (cookies) ou par des technologies similaires, telles que le type et la version du navigateur que vous utilisez pour acc\u00e9der \u00e0 notre Site, sa langue, votre syst\u00e8me d\u2019op\u00e9ration, votre fuseau horaire, votre localisation g\u00e9ographique, la page ou les termes vous ayant men\u00e9 \u00e0 notre Site, la quantit\u00e9 de temps que vous consacrez \u00e0 notre Site, les pages web que vous consultez, le temps que vous accordez \u00e0 chaque page, l\u2019identit\u00e9 de votre fournisseur de services Internet, ainsi que la date et heure auxquelles vous acc\u00e9dez \u00e0 notre Site.<\/p>\n<h4><strong><span>B) Lorsque vous vous abonnez \u00e0 notre infolettre<\/span><\/strong><\/h4>\n<p style=\"text-align: justify;\">Lorsque vous d\u00e9cidez de vous abonner \u00e0 notre infolettre, nous collectons votre adresse courriel, votre nom et votre pr\u00e9nom. Nous utilisons ces informations afin de pouvoir vous inscrire \u00e0 notre infolettre, personnaliser nos communications avec vous.<br \/>\nNotez que vous pouvez vous d\u00e9sabonner de notre infolettre en tout temps.<\/p>\n<h4><strong><span>C) Lorsque vous demandez une soumission<\/span><\/strong><\/h4>\n<p style=\"text-align: justify;\">Afin d\u2019obtenir une soumission de notre part pour des services, nous vous demandons de nous fournir les renseignements suivants : votre nom complet, votre adresse courriel, l\u2019adresse de votre site internet (le cas \u00e9ch\u00e9ant), des d\u00e9tails sur votre entreprise, le service ou produit par lequel vous \u00eates int\u00e9ress\u00e9, ainsi que toute autre information fournie par vous dans le cadre de votre demande de soumission.<br \/>\nNous collectons ces renseignements afin de pouvoir \u00e9valuer correctement votre demande, d\u00e9terminer si nous sommes la meilleure personne pour vous aider et, le cas \u00e9ch\u00e9ant, vous revenir avec une soumission, tel que demand\u00e9.<\/p>\n<h4><strong><span>D) Lorsque vous achetez nos services ou produits<\/span><\/strong><\/h4>\n<p>Lorsque vous achetez un ou plusieurs de nos services ou produits num\u00e9riques, nous collectons diverses informations telles que votre nom, pr\u00e9nom, adresse courriel, adresse de facturation, ainsi que vos informations de paiement.<br \/>\nNous utilisons ces informations pour proc\u00e9der \u00e0 l\u2019ouverture de votre dossier, pour traiter votre paiement et \u00e9galement dans le but de respecter nos obligations contractuelles et l\u00e9gales.<br \/>\nNotez que si vous refusez de nous transmettre les informations personnelles demand\u00e9es, nous ne serons pas en mesure de faire suite \u00e0 votre demande.<\/p>\n<h4><strong><span>E) Lorsque vous nous contactez<\/span><\/strong><\/h4>\n<p>Lorsque vous nous contactez, nous recueillons \u00e9galement votre nom complet, adresse courriel ainsi que toutes les informations que vous nous fournissez volontairement dans le cadre de vos communications avec nous, par courriel ou en interagissant avec nous au travers d\u2019un autre moyen de communications.<br \/>\nNous utilisons ces informations afin de pouvoir vous identifier et r\u00e9pondre \u00e0 vos questionnements ou demandes.<\/p>\n<p>&nbsp;<\/p>\n<h3><strong><span>NOTRE UTILISATION DES COOKIES<\/span><\/strong><\/h3>\n<p>Lorsque vous visitez notre Site, il est possible que vous nous fournissiez des informations via des fichiers t\u00e9moins (cookies) ou des technologies similaires.<br \/>\nLes t\u00e9moins sont des fichiers contenant une petite quantit\u00e9 de donn\u00e9es sur un utilisateur donn\u00e9. Ces donn\u00e9es peuvent inclure un identifiant unique anonyme. Les t\u00e9moins sont stock\u00e9s sur l\u2019ordinateur de l\u2019utilisateur ou sur le disque dur d\u2019un autre appareil. Ceux-ci nous permettent, entre autres, d\u2019adapter votre exp\u00e9rience utilisateur chaque fois que vous visitez notre Site.<\/p>\n<p>&nbsp;<\/p>\n<h3><strong><span>AVEC QUI PARTAGEONS-NOUS VOS DONNEES ET POURQUOI ?<\/span><\/strong><\/h3>\n<p>Nous ne vendons en aucun cas les informations personnelles de nos utilisateurs. Vos donn\u00e9es ne sont partag\u00e9es qu\u2019en vertu de la pr\u00e9sente Politique. Lorsque vous consentez \u00e0 cette Politique, il est toutefois possible que nous partagions vos informations personnelles avec des fournisseurs tiers de confiance qui agissent \u00e0 titre de responsables du traitement des donn\u00e9es pour notre compte, notamment pour le traitement de paiements, l\u2019envoi de courriels, la prestation du service \u00e0 la client\u00e8le et des services en mati\u00e8re de marketing. Les donn\u00e9es ne sont partag\u00e9es qu\u2019aux fins de l\u2019exercice de leur mandat ou l\u2019ex\u00e9cution d\u2019un contrat de service. Nous pourrions aussi partager certaines informations avec des professionnels tenus au secret professionnel, tels que des avocats ou comptables. Ces fournisseurs tiers sont soumis aux obligations de confidentialit\u00e9 et aux instructions de Claire Sarrasin.<\/p>\n<p>Il est possible que nous divulguions vos informations si la loi l\u2019exige ou si une telle divulgation est n\u00e9cessaire afin de :<br \/>\nSe conformer \u00e0 la loi ou \u00e0 toute proc\u00e9dure judiciaire ;<br \/>\nProt\u00e9ger les droits ou la propri\u00e9t\u00e9 de Claire Sarrasin;<br \/>\nProt\u00e9ger la s\u00e9curit\u00e9 de notre Site, de nos utilisateurs et de leurs donn\u00e9es.<\/p>\n<p>Veuillez noter que vous pourriez \u00eatre amen\u00e9 \u00e0 quitter notre Site en cliquant sur certains liens pr\u00e9sents sur celui-ci. Vous \u00eates alors redirig\u00e9 vers le site web ou l\u2019application d\u2019un tiers, vous n\u2019\u00eates plus r\u00e9gi par la pr\u00e9sente Politique. Nous n\u2019assumons aucune responsabilit\u00e9 quant aux pratiques de confidentialit\u00e9 exerc\u00e9es par les autres sites et vous recommandons de lire attentivement leurs politiques de confidentialit\u00e9.<\/p>\n<p>&nbsp;<\/p>\n<h3><strong><span>VOS DROITS<\/span><\/strong><\/h3>\n<p>Les lois sur la protection des donn\u00e9es vous conf\u00e8rent certains droits en lien avec vos informations. Selon les lois applicables \u00e0 vos donn\u00e9es et sous r\u00e9serve de certaines exceptions et exigences, vous pourriez avoir les droits suivants :<br \/>\nNous demander l\u2019acc\u00e8s \u00e0 vos donn\u00e9es afin de v\u00e9rifier celles-ci. Notez toutefois que nous nous r\u00e9servons le droit de vous demander des informations additionnelles afin de prouver votre identit\u00e9;<br \/>\nNous demander de modifier ou rectifier vos donn\u00e9es;<br \/>\nNous demander vos donn\u00e9es et renseignements personnels dans un format accessible;<br \/>\nRetirer votre consentement au traitement de vos donn\u00e9es personnelles;<br \/>\nPorter plainte \u00e0 l\u2019autorit\u00e9 comp\u00e9tente si vous estimez que nous traitons vos donn\u00e9es en violation des lois applicables en mati\u00e8re de protection des donn\u00e9es.<br \/>\n&nbsp;<\/p>\n<h4><strong><span>Acc\u00e8s et contr\u00f4le de vos donn\u00e9es<\/span><\/strong><\/h4>\n<p>Vous pouvez v\u00e9rifier, modifier ou effacer vos informations personnelles en nous envoyant un courriel \u00e0 contact@clairesarrasin.com ou encore aux coordonn\u00e9es disponibles \u00e0 la fin de cette Politique. Nous r\u00e9pondrons \u00e0 votre demande le plus rapidement possible. Pri\u00e8re de nous fournir assez de d\u00e9tails afin que nous puissions vous identifier et ainsi r\u00e9pondre \u00e0 votre demande.<br \/>\nNotez que certaines informations peuvent aussi \u00eatre directement modifi\u00e9es par vous en vous connectant \u00e0 votre compte.<\/p>\n<h4><strong><span>Lieu de conservation de vos donn\u00e9es<\/span><\/strong><\/h4>\n<p>Vos informations personnelles sont h\u00e9berg\u00e9es localement sur les serveurs de Buro.vip, entreprise situ\u00e9e \u00e0 Sainte-Hyacinthe (Qu\u00e9bec)<\/p>\n<h4><strong><span>Dur\u00e9e de la conservation de vos donn\u00e9es<\/span><\/strong><\/h4>\n<p>Nous conserverons toutes les informations collect\u00e9es tant et aussi longtemps qu\u2019elles seront n\u00e9cessaires afin d\u2019atteindre les objectifs pour lesquels nous les avons collect\u00e9es ou \u00e0 d\u2019autres fins essentielles telles que le respect d\u2019obligations juridiques. Nous d\u00e9truirons ces donn\u00e9es \u00e0 la fin de ce d\u00e9lai, ou si vous d\u00e9cidez de retirer votre consentement, lorsqu\u2019applicable. Si vous le demandez, une fois vos donn\u00e9es supprim\u00e9es, vous recevrez une confirmation que votre demande a \u00e9t\u00e9 trait\u00e9e.<\/p>\n<h4><strong><span>S\u00e9curit\u00e9<\/span><\/strong><\/h4>\n<p>Pour prot\u00e9ger vos donn\u00e9es personnelles, nous prenons des pr\u00e9cautions raisonnables pour nous assurer qu\u2019elles ne soient pas perdues, d\u00e9tourn\u00e9es, consult\u00e9es, divulgu\u00e9es, modifi\u00e9es ou d\u00e9truites de mani\u00e8re inappropri\u00e9e.<br \/>\nSi vous avez des questions concernant la s\u00e9curit\u00e9 de vos donn\u00e9es personnelles, pri\u00e8re de nous envoyer un courriel \u00e0 contact@clairesarrasin.com.<\/p>\n<h4><strong><span>Age de consentement<\/span><\/strong><\/h4>\n<p>Nous ne collectons pas d\u2019informations appartenant \u00e0 des mineurs de moins de 14 ans. Si vous \u00eates un parent ou gardien et que vous r\u00e9alisez qu\u2019un mineur de moins de 14 ans nous a fourni des informations personnelles sans votre consentement, veuillez nous contacter. Si nous nous rendons compte que nous avons collect\u00e9 des informations personnelles appartenant \u00e0 un mineur de moins de 14 ans sans consentement d\u2019un parent ou gardien, nous effacerons toutes informations qui auraient pu \u00eatre collect\u00e9es.<\/p>\n<h4><strong><span>Autorit\u00e9 comp\u00e9tente<\/span><\/strong><\/h4>\n<p>Si vous n\u2019\u00eates pas satisfait par notre r\u00e9ponse suite \u00e0 une demande concernant vos informations personnelles, vous pouvez contacter la Commission d\u2019acc\u00e8s \u00e0 l\u2019information du Qu\u00e9bec, l\u2019organisme public charg\u00e9 de superviser les pratiques de gestion et de traitement des donn\u00e9es personnelles au Qu\u00e9bec.<br \/>\n<strong>Commission d\u2019acc\u00e8s \u00e0 l\u2019information du Qu\u00e9bec<\/strong><br \/>\nAdresse :<br \/>\nBureau 900<br \/>\n2045, rue Stanley<br \/>\nMontr\u00e9al (Qu\u00e9bec) H3A 2V4<br \/>\nT\u00e9l\u00e9phone : 514 873-4196<br \/>\nT\u00e9l\u00e9copieur : 514 844-6170<br \/>\nT\u00e9l\u00e9phone sans frais : 1 888 528-7741<br \/>\nCourrier \u00e9lectronique : cai.communications@cai.gouv.qc.ca<br \/>\nSite web: http:\/\/www.cai.gouv.qc.ca<\/p>\n<h4><strong><span>Modifications apport\u00e9es \u00e0 la Politique<\/span><\/strong><\/h4>\n<p>Nous nous r\u00e9servons le droit de modifier la pr\u00e9sente Politique \u00e0 tout moment; pri\u00e8re de la consulter fr\u00e9quemment. Sauf mention contraire, les modifications \u00e0 cette Politique entrent en vigueur d\u00e8s leur publication sur notre Site. Si des changements y sont apport\u00e9s, nous vous aviserons ici de la mise \u00e0 jour, afin que vous sachiez quels renseignements nous recueillons, la mani\u00e8re dont nous les utilisons et dans quelles circonstances nous les divulguons, s\u2019il y a lieu.<\/p>\n<h4><strong><span>Questions et coordonn\u00e9es<\/span><\/strong><\/h4>\n<p>Si vous souhaitez acc\u00e9der, corriger, modifier ou supprimer toute information personnelle que nous avons \u00e0 votre sujet, d\u00e9poser une plainte, ou si vous souhaitez simplement plus d\u2019information, vous pouvez nous contacter \u00e0 l&rsquo;adresse courriel suivante:<br \/>\ncontact@clairesarrasin.com.[\/et_pb_text][\/et_pb_column][\/et_pb_row][\/et_pb_section]<\/p>\n","protected":false},"excerpt":{"rendered":"<p>Politique de confidentialit\u00e9Derni\u00e8re mise \u00e0 jour : le 19 janvier 2025 Claire Sarrasin (\u00ab nous \u00bb, \u00ab notre \u00bb, \u00ab nos \u00bb) s\u2019engage \u00e0 prot\u00e9ger votre vie priv\u00e9e et \u00e0 traiter vos informations personnelles de fa\u00e7on transparente et responsable. La pr\u00e9sente Politique de confidentialit\u00e9 (la \u00ab Politique \u00bb) d\u00e9crit les types d\u2019informations que nous recueillons, [&hellip;]<\/p>\n","protected":false},"author":1,"featured_media":0,"parent":0,"menu_order":0,"comment_status":"closed","ping_status":"closed","template":"","meta":{"_et_pb_use_builder":"on","_et_pb_old_content":"","_et_gb_content_width":"","footnotes":""},"class_list":["post-124","page","type-page","status-publish","hentry"],"_links":{"self":[{"href":"https:\/\/clairesarrasin.com\/index.php\/wp-json\/wp\/v2\/pages\/124","targetHints":{"allow":["GET"]}}],"collection":[{"href":"https:\/\/clairesarrasin.com\/index.php\/wp-json\/wp\/v2\/pages"}],"about":[{"href":"https:\/\/clairesarrasin.com\/index.php\/wp-json\/wp\/v2\/types\/page"}],"author":[{"embeddable":true,"href":"https:\/\/clairesarrasin.com\/index.php\/wp-json\/wp\/v2\/users\/1"}],"replies":[{"embeddable":true,"href":"https:\/\/clairesarrasin.com\/index.php\/wp-json\/wp\/v2\/comments?post=124"}],"version-history":[{"count":20,"href":"https:\/\/clairesarrasin.com\/index.php\/wp-json\/wp\/v2\/pages\/124\/revisions"}],"predecessor-version":[{"id":987,"href":"https:\/\/clairesarrasin.com\/index.php\/wp-json\/wp\/v2\/pages\/124\/revisions\/987"}],"wp:attachment":[{"href":"https:\/\/clairesarrasin.com\/index.php\/wp-json\/wp\/v2\/media?parent=124"}],"curies":[{"name":"wp","href":"https:\/\/api.w.org\/{rel}","templated":true}]}}